{"id":980,"date":"2026-02-13T13:33:35","date_gmt":"2026-02-13T12:33:35","guid":{"rendered":"https:\/\/pleonverse.com\/home\/"},"modified":"2026-03-12T09:03:03","modified_gmt":"2026-03-12T08:03:03","slug":"home","status":"publish","type":"page","link":"https:\/\/pleonverse.com\/es\/","title":{"rendered":"home"},"content":{"rendered":"\t\t<div data-elementor-type=\"wp-page\" data-elementor-id=\"980\" class=\"elementor elementor-980 elementor-9\">\n\t\t\t\t<div class=\"elementor-element elementor-element-f104ac4 e-flex e-con-boxed e-con e-parent\" data-id=\"f104ac4\" data-element_type=\"container\" data-e-type=\"container\" data-settings=\"{&quot;background_background&quot;:&quot;video&quot;,&quot;background_video_link&quot;:&quot;https:\\\/\\\/pleonverse.com\\\/wp-content\\\/uploads\\\/2026\\\/02\\\/valencia-backround.mp4&quot;,&quot;background_play_on_mobile&quot;:&quot;yes&quot;}\">\n\t\t\t\t\t<div class=\"e-con-inner\">\n\t\t<div class=\"elementor-background-video-container\">\n\t\t\t\t\t\t\t<video class=\"elementor-background-video-hosted\" role=\"presentation\" autoplay muted playsinline loop><\/video>\n\t\t\t\t\t<\/div>\t\t<div class=\"elementor-element elementor-element-333ded5 elementor-widget__width-initial elementor-widget elementor-widget-heading\" data-id=\"333ded5\" data-element_type=\"widget\" data-e-type=\"widget\" data-widget_type=\"heading.default\">\n\t\t\t\t\t<h1 class=\"elementor-heading-title elementor-size-default\">SOMOS  PLEONVERSE<\/h1>\t\t\t\t<\/div>\n\t\t\t\t<div class=\"elementor-element elementor-element-966c4f3 elementor-widget__width-initial elementor-widget elementor-widget-text-editor\" data-id=\"966c4f3\" data-element_type=\"widget\" data-e-type=\"widget\" data-widget_type=\"text-editor.default\">\n\t\t\t\t\t\t\t\t\t<p>PLEONVERSE es un peque\u00f1o equipo global con sede en Valencia. El conocimiento sobre nuestros productos viene del terreno: f\u00e1bricas, puertos, mercados y log\u00edstica.<\/p><p>\u00a0<\/p><p>El comercio construye nuestro conocimiento.<\/p><p>La marca expresa nuestra visi\u00f3n.<\/p>\t\t\t\t\t\t\t\t<\/div>\n\t\t\t\t\t<\/div>\n\t\t\t\t<\/div>\n\t\t<div class=\"elementor-element elementor-element-aad593c e-flex e-con-boxed e-con e-parent\" data-id=\"aad593c\" data-element_type=\"container\" data-e-type=\"container\" data-settings=\"{&quot;background_background&quot;:&quot;video&quot;,&quot;background_video_link&quot;:&quot;https:\\\/\\\/pleonverse.com\\\/wp-content\\\/uploads\\\/2026\\\/02\\\/home-section1-background.mp4&quot;,&quot;background_play_on_mobile&quot;:&quot;yes&quot;}\">\n\t\t\t\t\t<div class=\"e-con-inner\">\n\t\t<div class=\"elementor-background-video-container\">\n\t\t\t\t\t\t\t<video class=\"elementor-background-video-hosted\" role=\"presentation\" autoplay muted playsinline loop><\/video>\n\t\t\t\t\t<\/div>\t\t<div class=\"elementor-element elementor-element-ec25c6c elementor-widget__width-initial elementor-widget elementor-widget-heading\" data-id=\"ec25c6c\" data-element_type=\"widget\" data-e-type=\"widget\" data-widget_type=\"heading.default\">\n\t\t\t\t\t<p class=\"elementor-heading-title elementor-size-default\">Del comercio al cuidado de la piel<\/p>\t\t\t\t<\/div>\n\t\t\t\t<div class=\"elementor-element elementor-element-6b54732 elementor-widget__width-initial elementor-widget elementor-widget-text-editor\" data-id=\"6b54732\" data-element_type=\"widget\" data-e-type=\"widget\" data-widget_type=\"text-editor.default\">\n\t\t\t\t\t\t\t\t\t<p>Una marca coreana de cuidado de la piel <strong data-start=\"78\" data-end=\"85\">B2C<\/strong>,<br data-start=\"86\" data-end=\"89\" \/>nacida del comercio global y perfeccionada por la experiencia.<\/p>\t\t\t\t\t\t\t\t<\/div>\n\t\t\t\t<div class=\"elementor-element elementor-element-92e7b76 animated-slow boton-monocromo elementor-widget elementor-widget-button\" data-id=\"92e7b76\" data-element_type=\"widget\" data-e-type=\"widget\" data-settings=\"{&quot;_animation&quot;:&quot;none&quot;,&quot;_animation_delay&quot;:1500}\" data-widget_type=\"button.default\">\n\t\t\t\t\t\t\t\t\t\t<a class=\"elementor-button elementor-button-link elementor-size-sm elementor-animation-pulse-shrink\" href=\"#\">\n\t\t\t\t\t\t<span class=\"elementor-button-content-wrapper\">\n\t\t\t\t\t\t<span class=\"elementor-button-icon\">\n\t\t\t\t<svg aria-hidden=\"true\" class=\"e-font-icon-svg e-fas-arrow-right\" viewBox=\"0 0 448 512\" xmlns=\"http:\/\/www.w3.org\/2000\/svg\"><path d=\"M190.5 66.9l22.2-22.2c9.4-9.4 24.6-9.4 33.9 0L441 239c9.4 9.4 9.4 24.6 0 33.9L246.6 467.3c-9.4 9.4-24.6 9.4-33.9 0l-22.2-22.2c-9.5-9.5-9.3-25 .4-34.3L311.4 296H24c-13.3 0-24-10.7-24-24v-32c0-13.3 10.7-24 24-24h287.4L190.9 101.2c-9.8-9.3-10-24.8-.4-34.3z\"><\/path><\/svg>\t\t\t<\/span>\n\t\t\t\t\t\t\t\t\t<span class=\"elementor-button-text\">COMPRAR HEYOOM<\/span>\n\t\t\t\t\t<\/span>\n\t\t\t\t\t<\/a>\n\t\t\t\t\t\t\t\t<\/div>\n\t\t\t\t\t<\/div>\n\t\t\t\t<\/div>\n\t\t<div class=\"elementor-element elementor-element-ec44554 e-flex e-con-boxed e-con e-parent\" data-id=\"ec44554\" data-element_type=\"container\" data-e-type=\"container\" data-settings=\"{&quot;background_background&quot;:&quot;video&quot;,&quot;background_video_link&quot;:&quot;https:\\\/\\\/pleonverse.com\\\/wp-content\\\/uploads\\\/2026\\\/02\\\/liquid-background-1.mp4&quot;}\">\n\t\t\t\t\t<div class=\"e-con-inner\">\n\t\t<div class=\"elementor-background-video-container elementor-hidden-mobile\">\n\t\t\t\t\t\t\t<video class=\"elementor-background-video-hosted\" role=\"presentation\" autoplay muted playsinline loop><\/video>\n\t\t\t\t\t<\/div>\t\t<div class=\"elementor-element elementor-element-69ecc9b elementor-widget__width-initial elementor-widget elementor-widget-heading\" data-id=\"69ecc9b\" data-element_type=\"widget\" data-e-type=\"widget\" data-widget_type=\"heading.default\">\n\t\t\t\t\t<h1 class=\"elementor-heading-title elementor-size-default\">CONOCE  HEYOOM<\/h1>\t\t\t\t<\/div>\n\t\t\t\t<div class=\"elementor-element elementor-element-19b54e7 elementor-widget__width-initial elementor-widget elementor-widget-text-editor\" data-id=\"19b54e7\" data-element_type=\"widget\" data-e-type=\"widget\" data-widget_type=\"text-editor.default\">\n\t\t\t\t\t\t\t\t\t<p><strong>HEYOOM = Marca B2C coreana \u2014 Nacida del comercio.<\/strong><\/p>\n<p><\/p>\n<p>Hemos probado y perfeccionado cientos de f\u00f3rmulas de skincare,<br data-start=\"186\" data-end=\"189\">aprendiendo a trav\u00e9s de ingredientes, texturas y resultados reales.<\/p>\n<p data-start=\"258\" data-end=\"308\">Cada detalle da forma a los productos que creamos.<\/p>\n<p data-start=\"258\" data-end=\"308\">\n<\/p><p>Dise\u00f1ado para <strong data-start=\"324\" data-end=\"361\">piel sana, equilibrada y sensible<\/strong>,<br data-start=\"362\" data-end=\"365\">HEYOOM ofrece un cuidado de la piel <strong data-start=\"401\" data-end=\"423\">suave pero potente<\/strong><br data-start=\"423\" data-end=\"426\">en el que puedes confiar cada d\u00eda.<\/p>\n<p><\/p>\n<p data-start=\"462\" data-end=\"656\">HEYOOM comienza <strong data-start=\"478\" data-end=\"488\">online<\/strong>.<br data-start=\"489\" data-end=\"492\">Crecemos despacio y con fuerza \u2014 guiados por la <strong data-start=\"545\" data-end=\"580\">ciencia de la piel y el cuidado<\/strong>. Nuestro espacio f\u00edsico, previsto para <strong data-start=\"622\" data-end=\"630\">2027<\/strong>, ser\u00e1 m\u00e1s que una tienda.<\/p>\n<p data-start=\"658\" data-end=\"700\" data-is-last-node=\"\" data-is-only-node=\"\"><strong data-start=\"658\" data-end=\"698\">Ser\u00e1 nuestro lenguaje de la belleza.<\/strong><\/p>\t\t\t\t\t\t\t\t<\/div>\n\t\t\t\t<div class=\"elementor-element elementor-element-0769252 elementor-widget elementor-widget-button\" data-id=\"0769252\" data-element_type=\"widget\" data-e-type=\"widget\" data-widget_type=\"button.default\">\n\t\t\t\t\t\t\t\t\t\t<a class=\"elementor-button elementor-button-link elementor-size-sm\" href=\"#\">\n\t\t\t\t\t\t<span class=\"elementor-button-content-wrapper\">\n\t\t\t\t\t\t<span class=\"elementor-button-icon\">\n\t\t\t\t<svg aria-hidden=\"true\" class=\"e-font-icon-svg e-fas-arrow-right\" viewBox=\"0 0 448 512\" xmlns=\"http:\/\/www.w3.org\/2000\/svg\"><path d=\"M190.5 66.9l22.2-22.2c9.4-9.4 24.6-9.4 33.9 0L441 239c9.4 9.4 9.4 24.6 0 33.9L246.6 467.3c-9.4 9.4-24.6 9.4-33.9 0l-22.2-22.2c-9.5-9.5-9.3-25 .4-34.3L311.4 296H24c-13.3 0-24-10.7-24-24v-32c0-13.3 10.7-24 24-24h287.4L190.9 101.2c-9.8-9.3-10-24.8-.4-34.3z\"><\/path><\/svg>\t\t\t<\/span>\n\t\t\t\t\t\t\t\t\t<span class=\"elementor-button-text\">COMPRAR HEYOOM<\/span>\n\t\t\t\t\t<\/span>\n\t\t\t\t\t<\/a>\n\t\t\t\t\t\t\t\t<\/div>\n\t\t\t\t\t<\/div>\n\t\t\t\t<\/div>\n\t\t<div class=\"elementor-element elementor-element-0b4f916 e-flex e-con-boxed e-con e-parent\" data-id=\"0b4f916\" data-element_type=\"container\" data-e-type=\"container\" data-settings=\"{&quot;background_background&quot;:&quot;video&quot;,&quot;background_video_link&quot;:&quot;https:\\\/\\\/pleonverse.com\\\/wp-content\\\/uploads\\\/2026\\\/02\\\/home-trade-logistic-background.mp4&quot;,&quot;background_play_on_mobile&quot;:&quot;yes&quot;}\">\n\t\t\t\t\t<div class=\"e-con-inner\">\n\t\t<div class=\"elementor-background-video-container\">\n\t\t\t\t\t\t\t<video class=\"elementor-background-video-hosted\" role=\"presentation\" autoplay muted playsinline loop><\/video>\n\t\t\t\t\t<\/div>\t\t<div class=\"elementor-element elementor-element-687f6aa elementor-widget__width-initial elementor-widget elementor-widget-heading\" data-id=\"687f6aa\" data-element_type=\"widget\" data-e-type=\"widget\" data-widget_type=\"heading.default\">\n\t\t\t\t\t<h1 class=\"elementor-heading-title elementor-size-default\">Comercio y Log\u00edstica<\/h1>\t\t\t\t<\/div>\n\t\t\t\t<div class=\"elementor-element elementor-element-8b53170 elementor-widget__width-initial elementor-widget elementor-widget-text-editor\" data-id=\"8b53170\" data-element_type=\"widget\" data-e-type=\"widget\" data-widget_type=\"text-editor.default\">\n\t\t\t\t\t\t\t\t\t<p><strong data-start=\"0\" data-end=\"14\">PLEONVERSE<\/strong> comenz\u00f3 con el <strong data-start=\"30\" data-end=\"57\">comercio y la log\u00edstica<\/strong>. Esta experiencia es la <strong data-start=\"84\" data-end=\"115\">fortaleza central de HEYOOM<\/strong>.<\/p><p data-start=\"118\" data-end=\"204\">Verificamos todo <strong data-start=\"135\" data-end=\"161\">directamente en origen<\/strong> y creamos <strong data-start=\"172\" data-end=\"203\">valor real en cada producto<\/strong>.<\/p><ul><li><strong data-start=\"208\" data-end=\"256\">B\u00fasqueda de proveedores y visitas a f\u00e1bricas<\/strong><\/li><li><strong data-start=\"261\" data-end=\"290\">Importaci\u00f3n \/ Exportaci\u00f3n<\/strong><\/li><li><strong data-start=\"295\" data-end=\"331\">Aduanas y cumplimiento normativo<\/strong><\/li><li><strong data-start=\"336\" data-end=\"386\">Fulfillment (gesti\u00f3n y preparaci\u00f3n de pedidos)<\/strong><\/li><li><strong data-start=\"391\" data-end=\"416\">Apoyo en distribuci\u00f3n<\/strong><\/li><\/ul><p>\u00a0<\/p><p>No elegimos productos al azar.<br data-start=\"181\" data-end=\"184\" \/>Los probamos y los conocemos de primera mano.<\/p>\t\t\t\t\t\t\t\t<\/div>\n\t\t\t\t<div class=\"elementor-element elementor-element-823af47 elementor-widget elementor-widget-button\" data-id=\"823af47\" data-element_type=\"widget\" data-e-type=\"widget\" data-widget_type=\"button.default\">\n\t\t\t\t\t\t\t\t\t\t<a class=\"elementor-button elementor-button-link elementor-size-sm\" href=\"#\">\n\t\t\t\t\t\t<span class=\"elementor-button-content-wrapper\">\n\t\t\t\t\t\t<span class=\"elementor-button-icon\">\n\t\t\t\t<svg aria-hidden=\"true\" class=\"e-font-icon-svg e-fas-arrow-right\" viewBox=\"0 0 448 512\" xmlns=\"http:\/\/www.w3.org\/2000\/svg\"><path d=\"M190.5 66.9l22.2-22.2c9.4-9.4 24.6-9.4 33.9 0L441 239c9.4 9.4 9.4 24.6 0 33.9L246.6 467.3c-9.4 9.4-24.6 9.4-33.9 0l-22.2-22.2c-9.5-9.5-9.3-25 .4-34.3L311.4 296H24c-13.3 0-24-10.7-24-24v-32c0-13.3 10.7-24 24-24h287.4L190.9 101.2c-9.8-9.3-10-24.8-.4-34.3z\"><\/path><\/svg>\t\t\t<\/span>\n\t\t\t\t\t\t\t\t\t<span class=\"elementor-button-text\">CONSULTA DE COMERCIO<\/span>\n\t\t\t\t\t<\/span>\n\t\t\t\t\t<\/a>\n\t\t\t\t\t\t\t\t<\/div>\n\t\t\t\t\t<\/div>\n\t\t\t\t<\/div>\n\t\t\t\t<\/div>\n\t\t","protected":false},"excerpt":{"rendered":"<p>SOMOS PLEONVERSE PLEONVERSE es un peque\u00f1o equipo global con sede en Valencia. El conocimiento sobre nuestros productos viene del terreno: f\u00e1bricas, puertos, mercados y log\u00edstica. \u00a0 El comercio construye nuestro conocimiento. La marca expresa nuestra visi\u00f3n. Del comercio al cuidado de la piel Una marca coreana de cuidado de la piel B2C,nacida del comercio global [&hellip;]<\/p>\n","protected":false},"author":1,"featured_media":0,"parent":0,"menu_order":0,"comment_status":"closed","ping_status":"closed","template":"elementor_header_footer","meta":{"footnotes":""},"class_list":["post-980","page","type-page","status-publish","hentry"],"_links":{"self":[{"href":"https:\/\/pleonverse.com\/es\/wp-json\/wp\/v2\/pages\/980","targetHints":{"allow":["GET"]}}],"collection":[{"href":"https:\/\/pleonverse.com\/es\/wp-json\/wp\/v2\/pages"}],"about":[{"href":"https:\/\/pleonverse.com\/es\/wp-json\/wp\/v2\/types\/page"}],"author":[{"embeddable":true,"href":"https:\/\/pleonverse.com\/es\/wp-json\/wp\/v2\/users\/1"}],"replies":[{"embeddable":true,"href":"https:\/\/pleonverse.com\/es\/wp-json\/wp\/v2\/comments?post=980"}],"version-history":[{"count":33,"href":"https:\/\/pleonverse.com\/es\/wp-json\/wp\/v2\/pages\/980\/revisions"}],"predecessor-version":[{"id":1197,"href":"https:\/\/pleonverse.com\/es\/wp-json\/wp\/v2\/pages\/980\/revisions\/1197"}],"wp:attachment":[{"href":"https:\/\/pleonverse.com\/es\/wp-json\/wp\/v2\/media?parent=980"}],"curies":[{"name":"wp","href":"https:\/\/api.w.org\/{rel}","templated":true}]}}