{"id":982,"date":"2026-02-20T13:56:44","date_gmt":"2026-02-20T12:56:44","guid":{"rendered":"https:\/\/pleonverse.com\/about\/"},"modified":"2026-03-11T13:11:38","modified_gmt":"2026-03-11T12:11:38","slug":"about","status":"publish","type":"page","link":"https:\/\/pleonverse.com\/es\/about\/","title":{"rendered":"About"},"content":{"rendered":"\t\t<div data-elementor-type=\"wp-page\" data-elementor-id=\"982\" class=\"elementor elementor-982 elementor-394\">\n\t\t\t\t<div class=\"elementor-element elementor-element-f104ac4 e-flex e-con-boxed e-con e-parent\" data-id=\"f104ac4\" data-element_type=\"container\" data-e-type=\"container\" data-settings=\"{&quot;background_background&quot;:&quot;classic&quot;}\">\n\t\t\t\t\t<div class=\"e-con-inner\">\n\t\t\t\t<div class=\"elementor-element elementor-element-333ded5 elementor-widget elementor-widget-heading\" data-id=\"333ded5\" data-element_type=\"widget\" data-e-type=\"widget\" data-widget_type=\"heading.default\">\n\t\t\t\t\t<h1 class=\"elementor-heading-title elementor-size-default\">Crecemos despacio, pero con fuerza<\/h1>\t\t\t\t<\/div>\n\t\t\t\t\t<\/div>\n\t\t\t\t<\/div>\n\t\t<div class=\"elementor-element elementor-element-ea89d41 e-flex e-con-boxed e-con e-parent\" data-id=\"ea89d41\" data-element_type=\"container\" data-e-type=\"container\">\n\t\t\t\t\t<div class=\"e-con-inner\">\n\t\t\t\t<div class=\"elementor-element elementor-element-12d2a14 elementor-widget elementor-widget-heading\" data-id=\"12d2a14\" data-element_type=\"widget\" data-e-type=\"widget\" data-widget_type=\"heading.default\">\n\t\t\t\t\t<h2 class=\"elementor-heading-title elementor-size-default\">\u00bfC\u00f3mo crecemos?<\/h2>\t\t\t\t<\/div>\n\t\t\t\t<div class=\"elementor-element elementor-element-1866e3b elementor-widget elementor-widget-heading\" data-id=\"1866e3b\" data-element_type=\"widget\" data-e-type=\"widget\" data-widget_type=\"heading.default\">\n\t\t\t\t\t<h3 class=\"elementor-heading-title elementor-size-default\">Crecemos siguiendo un ritmo, no por etapas<\/h3>\t\t\t\t<\/div>\n\t\t<div class=\"elementor-element elementor-element-790b050 e-grid e-con-full e-con e-child\" data-id=\"790b050\" data-element_type=\"container\" data-e-type=\"container\">\n\t\t<div class=\"elementor-element elementor-element-6335159 e-con-full e-flex e-con e-child\" data-id=\"6335159\" data-element_type=\"container\" data-e-type=\"container\">\n\t\t\t\t<div class=\"elementor-element elementor-element-ffb6eae elementor-widget elementor-widget-heading\" data-id=\"ffb6eae\" data-element_type=\"widget\" data-e-type=\"widget\" data-widget_type=\"heading.default\">\n\t\t\t\t\t<h2 class=\"elementor-heading-title elementor-size-default\">2024\u20132026 \u2013 Primero Online<\/h2>\t\t\t\t<\/div>\n\t\t\t\t<div class=\"elementor-element elementor-element-c772717 elementor-widget elementor-widget-text-editor\" data-id=\"c772717\" data-element_type=\"widget\" data-e-type=\"widget\" data-widget_type=\"text-editor.default\">\n\t\t\t\t\t\t\t\t\tESCUCHAR, APRENDER, REFINAR\t\t\t\t\t\t\t\t<\/div>\n\t\t\t\t<\/div>\n\t\t<div class=\"elementor-element elementor-element-10536d1 e-con-full e-flex e-con e-child\" data-id=\"10536d1\" data-element_type=\"container\" data-e-type=\"container\">\n\t\t\t\t<div class=\"elementor-element elementor-element-6d4c8e8 elementor-widget elementor-widget-heading\" data-id=\"6d4c8e8\" data-element_type=\"widget\" data-e-type=\"widget\" data-widget_type=\"heading.default\">\n\t\t\t\t\t<h2 class=\"elementor-heading-title elementor-size-default\">2027 \u2014 Tienda f\u00edsica<\/h2>\t\t\t\t<\/div>\n\t\t\t\t<div class=\"elementor-element elementor-element-b126246 elementor-widget elementor-widget-text-editor\" data-id=\"b126246\" data-element_type=\"widget\" data-e-type=\"widget\" data-widget_type=\"text-editor.default\">\n\t\t\t\t\t\t\t\t\tLA TIENDA ES NUESTRO IDIOMA\t\t\t\t\t\t\t\t<\/div>\n\t\t\t\t<\/div>\n\t\t<div class=\"elementor-element elementor-element-5e99acd e-con-full e-flex e-con e-child\" data-id=\"5e99acd\" data-element_type=\"container\" data-e-type=\"container\">\n\t\t\t\t<div class=\"elementor-element elementor-element-85a6a8d elementor-widget elementor-widget-heading\" data-id=\"85a6a8d\" data-element_type=\"widget\" data-e-type=\"widget\" data-widget_type=\"heading.default\">\n\t\t\t\t\t<h2 class=\"elementor-heading-title elementor-size-default\">Despu\u00e9s de la madurez: Distribuci\u00f3n <\/h2>\t\t\t\t<\/div>\n\t\t\t\t<div class=\"elementor-element elementor-element-c9850e3 elementor-widget elementor-widget-text-editor\" data-id=\"c9850e3\" data-element_type=\"widget\" data-e-type=\"widget\" data-widget_type=\"text-editor.default\">\n\t\t\t\t\t\t\t\t\tCUANDO TENGA SENTIDO\t\t\t\t\t\t\t\t<\/div>\n\t\t\t\t<\/div>\n\t\t\t\t<\/div>\n\t\t\t\t\t<\/div>\n\t\t\t\t<\/div>\n\t\t<div class=\"elementor-element elementor-element-410856c e-flex e-con-boxed e-con e-parent\" data-id=\"410856c\" data-element_type=\"container\" data-e-type=\"container\" data-settings=\"{&quot;background_background&quot;:&quot;video&quot;,&quot;background_video_link&quot;:&quot;https:\\\/\\\/pleonverse.com\\\/wp-content\\\/uploads\\\/2026\\\/02\\\/about-our-beginning-background.mp4&quot;,&quot;background_play_on_mobile&quot;:&quot;yes&quot;}\">\n\t\t\t\t\t<div class=\"e-con-inner\">\n\t\t<div class=\"elementor-background-video-container\">\n\t\t\t\t\t\t\t<video class=\"elementor-background-video-hosted\" role=\"presentation\" autoplay muted playsinline loop><\/video>\n\t\t\t\t\t<\/div>\t\t<div class=\"elementor-element elementor-element-8671151 elementor-widget__width-initial elementor-widget elementor-widget-heading\" data-id=\"8671151\" data-element_type=\"widget\" data-e-type=\"widget\" data-widget_type=\"heading.default\">\n\t\t\t\t\t<h1 class=\"elementor-heading-title elementor-size-default\">Nuestro Comienzo<\/h1>\t\t\t\t<\/div>\n\t\t\t\t<div class=\"elementor-element elementor-element-eb6af24 elementor-widget__width-initial elementor-widget elementor-widget-text-editor\" data-id=\"eb6af24\" data-element_type=\"widget\" data-e-type=\"widget\" data-widget_type=\"text-editor.default\">\n\t\t\t\t\t\t\t\t\t<p><strong data-start=\"0\" data-end=\"66\">PLEONVERSE <\/strong>comenz\u00f3 en el comercio para entender los productos. No a trav\u00e9s de la teor\u00eda, sino de la <strong data-start=\"106\" data-end=\"121\">experiencia<\/strong>.<\/p><p>\u00a0<\/p><p>F\u00e1bricas, puertos, mercados, log\u00edstica y las manos del usuario nos ense\u00f1aron lo que realmente importa.<\/p><p>\u00a0<\/p><p>El comercio <strong data-start=\"244\" data-end=\"264\">no fue el final.<\/strong><br data-start=\"264\" data-end=\"267\" \/>Fue <strong data-start=\"271\" data-end=\"287\">el comienzo.<\/strong><\/p><p><br \/>Esa experiencia se convirti\u00f3 en nuestro <strong data-start=\"331\" data-end=\"343\">est\u00e1ndar<\/strong>. Y ese est\u00e1ndar <strong data-start=\"362\" data-end=\"378\" data-is-last-node=\"\" data-is-only-node=\"\">cre\u00f3 HEYOOM.<\/strong><\/p>\t\t\t\t\t\t\t\t<\/div>\n\t\t\t\t\t<\/div>\n\t\t\t\t<\/div>\n\t\t<div class=\"elementor-element elementor-element-f1836ed e-flex e-con-boxed e-con e-parent\" data-id=\"f1836ed\" data-element_type=\"container\" data-e-type=\"container\" data-settings=\"{&quot;background_background&quot;:&quot;classic&quot;}\">\n\t\t\t\t\t<div class=\"e-con-inner\">\n\t\t\t\t<div class=\"elementor-element elementor-element-36fa958 elementor-widget elementor-widget-heading\" data-id=\"36fa958\" data-element_type=\"widget\" data-e-type=\"widget\" data-widget_type=\"heading.default\">\n\t\t\t\t\t<h1 class=\"elementor-heading-title elementor-size-default\">Nuestra Filosof\u00eda<\/h1>\t\t\t\t<\/div>\n\t\t\t\t<div class=\"elementor-element elementor-element-b8ff0ab elementor-widget__width-initial elementor-widget elementor-widget-text-editor\" data-id=\"b8ff0ab\" data-element_type=\"widget\" data-e-type=\"widget\" data-widget_type=\"text-editor.default\">\n\t\t\t\t\t\t\t\t\t<p>Elegimos profundidad sobre velocidad.<\/p><p>Madurez sobre expansi\u00f3n.<\/p><p>Experiencia sobre historia.<\/p><p>Profesionales, pero cercanos.<\/p><p>Preciso, pero humano.<\/p>\t\t\t\t\t\t\t\t<\/div>\n\t\t\t\t\t<\/div>\n\t\t\t\t<\/div>\n\t\t<div class=\"elementor-element elementor-element-9d22535 e-flex e-con-boxed e-con e-parent\" data-id=\"9d22535\" data-element_type=\"container\" data-e-type=\"container\">\n\t\t\t\t\t<div class=\"e-con-inner\">\n\t\t<div class=\"elementor-element elementor-element-e6059b0 e-grid e-con-full e-con e-child\" data-id=\"e6059b0\" data-element_type=\"container\" data-e-type=\"container\">\n\t\t\t\t<div class=\"elementor-element elementor-element-ae5e7a0 elementor-widget elementor-widget-image\" data-id=\"ae5e7a0\" data-element_type=\"widget\" data-e-type=\"widget\" data-widget_type=\"image.default\">\n\t\t\t\t\t\t\t\t\t\t\t\t\t\t\t<img fetchpriority=\"high\" decoding=\"async\" width=\"800\" height=\"600\" src=\"https:\/\/pleonverse.com\/wp-content\/uploads\/2026\/02\/about-why-heyoom.jpg\" class=\"attachment-large size-large wp-image-1030\" alt=\"\" srcset=\"https:\/\/pleonverse.com\/wp-content\/uploads\/2026\/02\/about-why-heyoom.jpg 1024w, https:\/\/pleonverse.com\/wp-content\/uploads\/2026\/02\/about-why-heyoom-300x225.jpg 300w, https:\/\/pleonverse.com\/wp-content\/uploads\/2026\/02\/about-why-heyoom-768x576.jpg 768w\" sizes=\"(max-width: 800px) 100vw, 800px\" \/>\t\t\t\t\t\t\t\t\t\t\t\t\t\t\t<\/div>\n\t\t<div class=\"elementor-element elementor-element-be09f32 e-con-full e-flex e-con e-child\" data-id=\"be09f32\" data-element_type=\"container\" data-e-type=\"container\">\n\t\t\t\t<div class=\"elementor-element elementor-element-7410d8f elementor-widget elementor-widget-heading\" data-id=\"7410d8f\" data-element_type=\"widget\" data-e-type=\"widget\" data-widget_type=\"heading.default\">\n\t\t\t\t\t<h2 class=\"elementor-heading-title elementor-size-default\">Por qu\u00e9 HEYOOM<\/h2>\t\t\t\t<\/div>\n\t\t\t\t<div class=\"elementor-element elementor-element-b7724e8 elementor-widget__width-initial elementor-widget elementor-widget-text-editor\" data-id=\"b7724e8\" data-element_type=\"widget\" data-e-type=\"widget\" data-widget_type=\"text-editor.default\">\n\t\t\t\t\t\t\t\t\t<p><strong>HEYOOM = Marca B2C coreana \u2014 Nacida del comercio.<\/strong><\/p><p data-start=\"57\" data-end=\"130\">El detalle coreano se encuentra con el estilo de vida mediterr\u00e1neo.<\/p><p>Productos creados para la vida cotidiana.<\/p>\t\t\t\t\t\t\t\t<\/div>\n\t\t\t\t<\/div>\n\t\t<div class=\"elementor-element elementor-element-581eedb e-con-full e-flex e-con e-child\" data-id=\"581eedb\" data-element_type=\"container\" data-e-type=\"container\">\n\t\t\t\t<div class=\"elementor-element elementor-element-ee62b79 elementor-widget elementor-widget-heading\" data-id=\"ee62b79\" data-element_type=\"widget\" data-e-type=\"widget\" data-widget_type=\"heading.default\">\n\t\t\t\t\t<h2 class=\"elementor-heading-title elementor-size-default\">\u00bfPor qu\u00e9 Valencia?<\/h2>\t\t\t\t<\/div>\n\t\t\t\t<div class=\"elementor-element elementor-element-613e07f elementor-widget__width-initial elementor-widget elementor-widget-text-editor\" data-id=\"613e07f\" data-element_type=\"widget\" data-e-type=\"widget\" data-widget_type=\"text-editor.default\">\n\t\t\t\t\t\t\t\t\t<p data-start=\"0\" data-end=\"55\">Valencia es el coraz\u00f3n del comercio mediterr\u00e1neo.<\/p><p data-start=\"57\" data-end=\"93\">Es donde comienzan los viajes.<\/p><p data-start=\"95\" data-end=\"164\">La ciudad une cadena de suministro, dise\u00f1o y cultura cotidiana.<\/p><p data-start=\"166\" data-end=\"209\" data-is-last-node=\"\" data-is-only-node=\"\">La perspectiva de <strong>HEYOOM<\/strong> comienza aqu\u00ed.<\/p>\t\t\t\t\t\t\t\t<\/div>\n\t\t\t\t<\/div>\n\t\t<div class=\"elementor-element elementor-element-1957512 e-con-full e-flex e-con e-child\" data-id=\"1957512\" data-element_type=\"container\" data-e-type=\"container\" data-settings=\"{&quot;background_background&quot;:&quot;video&quot;,&quot;background_video_link&quot;:&quot;https:\\\/\\\/pleonverse.com\\\/wp-content\\\/uploads\\\/2026\\\/02\\\/about-why-valencia.mp4&quot;,&quot;background_play_on_mobile&quot;:&quot;yes&quot;}\">\n\t\t<div class=\"elementor-background-video-container\">\n\t\t\t\t\t\t\t<video class=\"elementor-background-video-hosted\" role=\"presentation\" autoplay muted playsinline loop><\/video>\n\t\t\t\t\t<\/div>\t\t<\/div>\n\t\t\t\t<\/div>\n\t\t\t\t\t<\/div>\n\t\t\t\t<\/div>\n\t\t\t\t<\/div>\n\t\t","protected":false},"excerpt":{"rendered":"<p>Crecemos despacio, pero con fuerza \u00bfC\u00f3mo crecemos? Crecemos siguiendo un ritmo, no por etapas 2024\u20132026 \u2013 Primero Online ESCUCHAR, APRENDER, REFINAR 2027 \u2014 Tienda f\u00edsica LA TIENDA ES NUESTRO IDIOMA Despu\u00e9s de la madurez: Distribuci\u00f3n CUANDO TENGA SENTIDO Nuestro Comienzo PLEONVERSE comenz\u00f3 en el comercio para entender los productos. No a trav\u00e9s de la teor\u00eda, [&hellip;]<\/p>\n","protected":false},"author":2,"featured_media":0,"parent":0,"menu_order":0,"comment_status":"closed","ping_status":"closed","template":"elementor_header_footer","meta":{"footnotes":""},"class_list":["post-982","page","type-page","status-publish","hentry"],"_links":{"self":[{"href":"https:\/\/pleonverse.com\/es\/wp-json\/wp\/v2\/pages\/982","targetHints":{"allow":["GET"]}}],"collection":[{"href":"https:\/\/pleonverse.com\/es\/wp-json\/wp\/v2\/pages"}],"about":[{"href":"https:\/\/pleonverse.com\/es\/wp-json\/wp\/v2\/types\/page"}],"author":[{"embeddable":true,"href":"https:\/\/pleonverse.com\/es\/wp-json\/wp\/v2\/users\/2"}],"replies":[{"embeddable":true,"href":"https:\/\/pleonverse.com\/es\/wp-json\/wp\/v2\/comments?post=982"}],"version-history":[{"count":33,"href":"https:\/\/pleonverse.com\/es\/wp-json\/wp\/v2\/pages\/982\/revisions"}],"predecessor-version":[{"id":1162,"href":"https:\/\/pleonverse.com\/es\/wp-json\/wp\/v2\/pages\/982\/revisions\/1162"}],"wp:attachment":[{"href":"https:\/\/pleonverse.com\/es\/wp-json\/wp\/v2\/media?parent=982"}],"curies":[{"name":"wp","href":"https:\/\/api.w.org\/{rel}","templated":true}]}}