{"id":987,"date":"2026-02-24T16:02:50","date_gmt":"2026-02-24T15:02:50","guid":{"rendered":"https:\/\/pleonverse.com\/heyoom-brand\/"},"modified":"2026-03-20T12:59:28","modified_gmt":"2026-03-20T11:59:28","slug":"heyoom-brand","status":"publish","type":"page","link":"https:\/\/pleonverse.com\/es\/heyoom-brand\/","title":{"rendered":"Heyoom Brand"},"content":{"rendered":"\t\t<div data-elementor-type=\"wp-page\" data-elementor-id=\"987\" class=\"elementor elementor-987 elementor-702\">\n\t\t\t\t<div class=\"elementor-element elementor-element-f104ac4 e-flex e-con-boxed e-con e-parent\" data-id=\"f104ac4\" data-element_type=\"container\" data-e-type=\"container\" data-settings=\"{&quot;background_background&quot;:&quot;video&quot;,&quot;background_video_link&quot;:&quot;https:\\\/\\\/pleonverse.com\\\/wp-content\\\/uploads\\\/2026\\\/02\\\/heyoom-header-background-1.mp4&quot;,&quot;background_play_on_mobile&quot;:&quot;yes&quot;}\">\n\t\t\t\t\t<div class=\"e-con-inner\">\n\t\t<div class=\"elementor-background-video-container\">\n\t\t\t\t\t\t\t<video class=\"elementor-background-video-hosted\" role=\"presentation\" autoplay muted playsinline loop><\/video>\n\t\t\t\t\t<\/div>\t\t<div class=\"elementor-element elementor-element-333ded5 elementor-widget__width-initial elementor-widget elementor-widget-heading\" data-id=\"333ded5\" data-element_type=\"widget\" data-e-type=\"widget\" data-widget_type=\"heading.default\">\n\t\t\t\t\t<h1 class=\"elementor-heading-title elementor-size-default\">HEYOOM = Marca B2C coreana \u2014 Nacida del comercio<\/h1>\t\t\t\t<\/div>\n\t\t\t\t\t<\/div>\n\t\t\t\t<\/div>\n\t\t<div class=\"elementor-element elementor-element-0b4f916 e-flex e-con-boxed e-con e-parent\" data-id=\"0b4f916\" data-element_type=\"container\" data-e-type=\"container\" data-settings=\"{&quot;background_background&quot;:&quot;classic&quot;}\">\n\t\t\t\t\t<div class=\"e-con-inner\">\n\t\t\t\t<div class=\"elementor-element elementor-element-687f6aa elementor-widget__width-initial elementor-widget elementor-widget-heading\" data-id=\"687f6aa\" data-element_type=\"widget\" data-e-type=\"widget\" data-widget_type=\"heading.default\">\n\t\t\t\t\t<h1 class=\"elementor-heading-title elementor-size-default\">Origen de la marca<\/h1>\t\t\t\t<\/div>\n\t\t\t\t<div class=\"elementor-element elementor-element-8b53170 elementor-widget__width-initial elementor-widget elementor-widget-text-editor\" data-id=\"8b53170\" data-element_type=\"widget\" data-e-type=\"widget\" data-widget_type=\"text-editor.default\">\n\t\t\t\t\t\t\t\t\t<p>No construimos HEYOOM a partir de tendencias o presentaciones.<\/p><p>La construimos a partir de la experiencia.<\/p><p> <\/p><p>F\u00e1bricas, puertos, mercados y la mano del usuario dieron forma a nuestra visi\u00f3n de los productos.<\/p>\t\t\t\t\t\t\t\t<\/div>\n\t\t\t\t\t<\/div>\n\t\t\t\t<\/div>\n\t\t<div class=\"elementor-element elementor-element-8db2999 e-con-full e-flex e-con e-parent\" data-id=\"8db2999\" data-element_type=\"container\" data-e-type=\"container\">\n\t\t\t\t<div class=\"elementor-element elementor-element-4740d8f elementor-widget elementor-widget-heading\" data-id=\"4740d8f\" data-element_type=\"widget\" data-e-type=\"widget\" data-widget_type=\"heading.default\">\n\t\t\t\t\t<h2 class=\"elementor-heading-title elementor-size-default\">Filosof\u00eda de la marca<\/h2>\t\t\t\t<\/div>\n\t\t\t\t<div class=\"elementor-element elementor-element-024d62f elementor-widget elementor-widget-heading\" data-id=\"024d62f\" data-element_type=\"widget\" data-e-type=\"widget\" data-widget_type=\"heading.default\">\n\t\t\t\t\t<h2 class=\"elementor-heading-title elementor-size-default\">CRECEMOS DESPACIO, NO A LO ANCHO. ELEGIMOS PROFUNDIDAD ANTES QUE VELOCIDAD<\/h2>\t\t\t\t<\/div>\n\t\t\t\t<div class=\"elementor-element elementor-element-88974b9 elementor-arrows-position-outside elementor-widget__width-initial elementor-pagination-position-outside elementor-widget elementor-widget-image-carousel\" data-id=\"88974b9\" data-element_type=\"widget\" data-e-type=\"widget\" data-settings=\"{&quot;slides_to_show&quot;:&quot;2&quot;,&quot;image_spacing_custom&quot;:{&quot;unit&quot;:&quot;px&quot;,&quot;size&quot;:25,&quot;sizes&quot;:[]},&quot;navigation&quot;:&quot;both&quot;,&quot;autoplay&quot;:&quot;yes&quot;,&quot;pause_on_hover&quot;:&quot;yes&quot;,&quot;pause_on_interaction&quot;:&quot;yes&quot;,&quot;autoplay_speed&quot;:5000,&quot;infinite&quot;:&quot;yes&quot;,&quot;speed&quot;:500,&quot;image_spacing_custom_tablet&quot;:{&quot;unit&quot;:&quot;px&quot;,&quot;size&quot;:&quot;&quot;,&quot;sizes&quot;:[]},&quot;image_spacing_custom_mobile&quot;:{&quot;unit&quot;:&quot;px&quot;,&quot;size&quot;:&quot;&quot;,&quot;sizes&quot;:[]}}\" data-widget_type=\"image-carousel.default\">\n\t\t\t\t\t\t\t<div class=\"elementor-image-carousel-wrapper swiper\" role=\"region\" aria-roledescription=\"carousel\" aria-label=\"Carrusel de im\u00e1genes\" dir=\"ltr\">\n\t\t\t<div class=\"elementor-image-carousel swiper-wrapper\" aria-live=\"off\">\n\t\t\t\t\t\t\t\t<div class=\"swiper-slide\" role=\"group\" aria-roledescription=\"slide\" aria-label=\"1 de 3\"><figure class=\"swiper-slide-inner\"><img decoding=\"async\" class=\"swiper-slide-image\" src=\"https:\/\/pleonverse.com\/wp-content\/uploads\/2026\/03\/Detalle-Coreano.jpg\" alt=\"Korean-detail-ok\" \/><\/figure><\/div><div class=\"swiper-slide\" role=\"group\" aria-roledescription=\"slide\" aria-label=\"2 de 3\"><figure class=\"swiper-slide-inner\"><img decoding=\"async\" class=\"swiper-slide-image\" src=\"https:\/\/pleonverse.com\/wp-content\/uploads\/2026\/03\/Diseno-honesto-2.jpg\" alt=\"Dise\u00f1o honesto\" \/><\/figure><\/div><div class=\"swiper-slide\" role=\"group\" aria-roledescription=\"slide\" aria-label=\"3 de 3\"><figure class=\"swiper-slide-inner\"><img decoding=\"async\" class=\"swiper-slide-image\" src=\"https:\/\/pleonverse.com\/wp-content\/uploads\/2026\/03\/Estilo-de-vida-europeo-2.jpg\" alt=\"Estilo de vida europeo\" \/><\/figure><\/div>\t\t\t<\/div>\n\t\t\t\t\t\t\t\t\t\t\t\t<div class=\"elementor-swiper-button elementor-swiper-button-prev\" role=\"button\" tabindex=\"0\">\n\t\t\t\t\t\t<svg aria-hidden=\"true\" class=\"e-font-icon-svg e-eicon-chevron-left\" viewBox=\"0 0 1000 1000\" xmlns=\"http:\/\/www.w3.org\/2000\/svg\"><path d=\"M646 125C629 125 613 133 604 142L308 442C296 454 292 471 292 487 292 504 296 521 308 533L604 854C617 867 629 875 646 875 663 875 679 871 692 858 704 846 713 829 713 812 713 796 708 779 692 767L438 487 692 225C700 217 708 204 708 187 708 171 704 154 692 142 675 129 663 125 646 125Z\"><\/path><\/svg>\t\t\t\t\t<\/div>\n\t\t\t\t\t<div class=\"elementor-swiper-button elementor-swiper-button-next\" role=\"button\" tabindex=\"0\">\n\t\t\t\t\t\t<svg aria-hidden=\"true\" class=\"e-font-icon-svg e-eicon-chevron-right\" viewBox=\"0 0 1000 1000\" xmlns=\"http:\/\/www.w3.org\/2000\/svg\"><path d=\"M696 533C708 521 713 504 713 487 713 471 708 454 696 446L400 146C388 133 375 125 354 125 338 125 325 129 313 142 300 154 292 171 292 187 292 204 296 221 308 233L563 492 304 771C292 783 288 800 288 817 288 833 296 850 308 863 321 871 338 875 354 875 371 875 388 867 400 854L696 533Z\"><\/path><\/svg>\t\t\t\t\t<\/div>\n\t\t\t\t\n\t\t\t\t\t\t\t\t\t<div class=\"swiper-pagination\"><\/div>\n\t\t\t\t\t\t\t\t\t<\/div>\n\t\t\t\t\t\t<\/div>\n\t\t\t\t<div class=\"elementor-element elementor-element-422e4de elementor-widget elementor-widget-heading\" data-id=\"422e4de\" data-element_type=\"widget\" data-e-type=\"widget\" data-widget_type=\"heading.default\">\n\t\t\t\t\t<h2 class=\"elementor-heading-title elementor-size-default\">LA TIENDA NO ES UNA TIENDA. ES NUESTRO LENGUAJE<\/h2>\t\t\t\t<\/div>\n\t\t\t\t<\/div>\n\t\t<div class=\"elementor-element elementor-element-af59d65 e-flex e-con-boxed e-con e-parent\" data-id=\"af59d65\" data-element_type=\"container\" data-e-type=\"container\" data-settings=\"{&quot;background_background&quot;:&quot;classic&quot;}\">\n\t\t\t\t\t<div class=\"e-con-inner\">\n\t\t<div class=\"elementor-element elementor-element-1b3dcd6 e-grid e-con-full e-con e-child\" data-id=\"1b3dcd6\" data-element_type=\"container\" data-e-type=\"container\">\n\t\t\t\t<div class=\"elementor-element elementor-element-394132f elementor-position-top elementor-widget elementor-widget-image-box\" data-id=\"394132f\" data-element_type=\"widget\" data-e-type=\"widget\" data-widget_type=\"image-box.default\">\n\t\t\t\t\t<div class=\"elementor-image-box-wrapper\"><figure class=\"elementor-image-box-img\"><img fetchpriority=\"high\" decoding=\"async\" width=\"1500\" height=\"2371\" src=\"https:\/\/pleonverse.com\/wp-content\/uploads\/2026\/02\/cleanser.png\" class=\"attachment-full size-full wp-image-1078\" alt=\"\" srcset=\"https:\/\/pleonverse.com\/wp-content\/uploads\/2026\/02\/cleanser.png 1500w, https:\/\/pleonverse.com\/wp-content\/uploads\/2026\/02\/cleanser-190x300.png 190w, https:\/\/pleonverse.com\/wp-content\/uploads\/2026\/02\/cleanser-648x1024.png 648w, https:\/\/pleonverse.com\/wp-content\/uploads\/2026\/02\/cleanser-768x1214.png 768w, https:\/\/pleonverse.com\/wp-content\/uploads\/2026\/02\/cleanser-972x1536.png 972w, https:\/\/pleonverse.com\/wp-content\/uploads\/2026\/02\/cleanser-1296x2048.png 1296w\" sizes=\"(max-width: 1500px) 100vw, 1500px\" \/><\/figure><div class=\"elementor-image-box-content\"><h3 class=\"elementor-image-box-title\">Cleanser <\/h3><p class=\"elementor-image-box-description\">Limpia suavemente la piel, dej\u00e1ndola fresca, suave y equilibrada<\/p><\/div><\/div>\t\t\t\t<\/div>\n\t\t\t\t<div class=\"elementor-element elementor-element-8db1bbf elementor-position-top elementor-widget elementor-widget-image-box\" data-id=\"8db1bbf\" data-element_type=\"widget\" data-e-type=\"widget\" data-widget_type=\"image-box.default\">\n\t\t\t\t\t<div class=\"elementor-image-box-wrapper\"><figure class=\"elementor-image-box-img\"><img decoding=\"async\" width=\"1500\" height=\"2371\" src=\"https:\/\/pleonverse.com\/wp-content\/uploads\/2026\/02\/toner.png\" class=\"attachment-full size-full wp-image-1082\" alt=\"\" srcset=\"https:\/\/pleonverse.com\/wp-content\/uploads\/2026\/02\/toner.png 1500w, https:\/\/pleonverse.com\/wp-content\/uploads\/2026\/02\/toner-190x300.png 190w, https:\/\/pleonverse.com\/wp-content\/uploads\/2026\/02\/toner-648x1024.png 648w, https:\/\/pleonverse.com\/wp-content\/uploads\/2026\/02\/toner-768x1214.png 768w, https:\/\/pleonverse.com\/wp-content\/uploads\/2026\/02\/toner-972x1536.png 972w, https:\/\/pleonverse.com\/wp-content\/uploads\/2026\/02\/toner-1296x2048.png 1296w\" sizes=\"(max-width: 1500px) 100vw, 1500px\" \/><\/figure><div class=\"elementor-image-box-content\"><h3 class=\"elementor-image-box-title\">T\u00f3nico<\/h3><p class=\"elementor-image-box-description\">Calma e hidrata la piel para un brillo claro y saludable.<\/p><\/div><\/div>\t\t\t\t<\/div>\n\t\t\t\t<div class=\"elementor-element elementor-element-417848e elementor-position-top elementor-widget elementor-widget-image-box\" data-id=\"417848e\" data-element_type=\"widget\" data-e-type=\"widget\" data-widget_type=\"image-box.default\">\n\t\t\t\t\t<div class=\"elementor-image-box-wrapper\"><figure class=\"elementor-image-box-img\"><img decoding=\"async\" width=\"1500\" height=\"1861\" src=\"https:\/\/pleonverse.com\/wp-content\/uploads\/2026\/02\/serum.png\" class=\"attachment-full size-full wp-image-1080\" alt=\"\" srcset=\"https:\/\/pleonverse.com\/wp-content\/uploads\/2026\/02\/serum.png 1500w, https:\/\/pleonverse.com\/wp-content\/uploads\/2026\/02\/serum-242x300.png 242w, https:\/\/pleonverse.com\/wp-content\/uploads\/2026\/02\/serum-825x1024.png 825w, https:\/\/pleonverse.com\/wp-content\/uploads\/2026\/02\/serum-768x953.png 768w, https:\/\/pleonverse.com\/wp-content\/uploads\/2026\/02\/serum-1238x1536.png 1238w\" sizes=\"(max-width: 1500px) 100vw, 1500px\" \/><\/figure><div class=\"elementor-image-box-content\"><h3 class=\"elementor-image-box-title\">S\u00e9rum<\/h3><p class=\"elementor-image-box-description\">Aporta nutrientes esenciales para una piel radiante y revitalizada<\/p><\/div><\/div>\t\t\t\t<\/div>\n\t\t\t\t<div class=\"elementor-element elementor-element-412aa92 elementor-position-top elementor-widget elementor-widget-image-box\" data-id=\"412aa92\" data-element_type=\"widget\" data-e-type=\"widget\" data-widget_type=\"image-box.default\">\n\t\t\t\t\t<div class=\"elementor-image-box-wrapper\"><figure class=\"elementor-image-box-img\"><img loading=\"lazy\" decoding=\"async\" width=\"1500\" height=\"1500\" src=\"https:\/\/pleonverse.com\/wp-content\/uploads\/2026\/02\/cream-1.png\" class=\"attachment-full size-full wp-image-1077\" alt=\"\" srcset=\"https:\/\/pleonverse.com\/wp-content\/uploads\/2026\/02\/cream-1.png 1500w, https:\/\/pleonverse.com\/wp-content\/uploads\/2026\/02\/cream-1-300x300.png 300w, https:\/\/pleonverse.com\/wp-content\/uploads\/2026\/02\/cream-1-1024x1024.png 1024w, https:\/\/pleonverse.com\/wp-content\/uploads\/2026\/02\/cream-1-150x150.png 150w, https:\/\/pleonverse.com\/wp-content\/uploads\/2026\/02\/cream-1-768x768.png 768w\" sizes=\"(max-width: 1500px) 100vw, 1500px\" \/><\/figure><div class=\"elementor-image-box-content\"><h3 class=\"elementor-image-box-title\">Crema<\/h3><p class=\"elementor-image-box-description\">Retiene la hidrataci\u00f3n para mantener la piel suave y c\u00f3moda todo el d\u00eda<\/p><\/div><\/div>\t\t\t\t<\/div>\n\t\t\t\t<div class=\"elementor-element elementor-element-7a52550 elementor-position-top elementor-widget elementor-widget-image-box\" data-id=\"7a52550\" data-element_type=\"widget\" data-e-type=\"widget\" data-widget_type=\"image-box.default\">\n\t\t\t\t\t<div class=\"elementor-image-box-wrapper\"><figure class=\"elementor-image-box-img\"><img loading=\"lazy\" decoding=\"async\" width=\"1500\" height=\"2371\" src=\"https:\/\/pleonverse.com\/wp-content\/uploads\/2026\/02\/sunscreen.png\" class=\"attachment-full size-full wp-image-1081\" alt=\"\" srcset=\"https:\/\/pleonverse.com\/wp-content\/uploads\/2026\/02\/sunscreen.png 1500w, https:\/\/pleonverse.com\/wp-content\/uploads\/2026\/02\/sunscreen-190x300.png 190w, https:\/\/pleonverse.com\/wp-content\/uploads\/2026\/02\/sunscreen-648x1024.png 648w, https:\/\/pleonverse.com\/wp-content\/uploads\/2026\/02\/sunscreen-768x1214.png 768w, https:\/\/pleonverse.com\/wp-content\/uploads\/2026\/02\/sunscreen-972x1536.png 972w, https:\/\/pleonverse.com\/wp-content\/uploads\/2026\/02\/sunscreen-1296x2048.png 1296w\" sizes=\"(max-width: 1500px) 100vw, 1500px\" \/><\/figure><div class=\"elementor-image-box-content\"><h3 class=\"elementor-image-box-title\">Protector solar<\/h3><p class=\"elementor-image-box-description\">Protecci\u00f3n diaria ligera para una piel radiante, clara y saludable.<\/p><\/div><\/div>\t\t\t\t<\/div>\n\t\t\t\t<\/div>\n\t\t\t\t\t<\/div>\n\t\t\t\t<\/div>\n\t\t<div class=\"elementor-element elementor-element-a7d3b7d e-flex e-con-boxed e-con e-parent\" data-id=\"a7d3b7d\" data-element_type=\"container\" data-e-type=\"container\">\n\t\t\t\t\t<div class=\"e-con-inner\">\n\t\t\t\t<div class=\"elementor-element elementor-element-68909ca elementor-align-center elementor-widget elementor-widget-button\" data-id=\"68909ca\" data-element_type=\"widget\" data-e-type=\"widget\" data-widget_type=\"button.default\">\n\t\t\t\t\t\t\t\t\t\t<a class=\"elementor-button elementor-button-link elementor-size-sm\" href=\"#\">\n\t\t\t\t\t\t<span class=\"elementor-button-content-wrapper\">\n\t\t\t\t\t\t<span class=\"elementor-button-icon\">\n\t\t\t\t<svg aria-hidden=\"true\" class=\"e-font-icon-svg e-fas-arrow-right\" viewBox=\"0 0 448 512\" xmlns=\"http:\/\/www.w3.org\/2000\/svg\"><path d=\"M190.5 66.9l22.2-22.2c9.4-9.4 24.6-9.4 33.9 0L441 239c9.4 9.4 9.4 24.6 0 33.9L246.6 467.3c-9.4 9.4-24.6 9.4-33.9 0l-22.2-22.2c-9.5-9.5-9.3-25 .4-34.3L311.4 296H24c-13.3 0-24-10.7-24-24v-32c0-13.3 10.7-24 24-24h287.4L190.9 101.2c-9.8-9.3-10-24.8-.4-34.3z\"><\/path><\/svg>\t\t\t<\/span>\n\t\t\t\t\t\t\t\t\t<span class=\"elementor-button-text\">COMPRAR HEYOOM<\/span>\n\t\t\t\t\t<\/span>\n\t\t\t\t\t<\/a>\n\t\t\t\t\t\t\t\t<\/div>\n\t\t\t\t<div class=\"elementor-element elementor-element-f57a948 elementor-widget elementor-widget-spacer\" data-id=\"f57a948\" data-element_type=\"widget\" data-e-type=\"widget\" data-widget_type=\"spacer.default\">\n\t\t\t\t\t\t\t<div class=\"elementor-spacer\">\n\t\t\t<div class=\"elementor-spacer-inner\"><\/div>\n\t\t<\/div>\n\t\t\t\t\t\t<\/div>\n\t\t\t\t\t<\/div>\n\t\t\t\t<\/div>\n\t\t<div class=\"elementor-element elementor-element-f72e67f e-flex e-con-boxed e-con e-parent\" data-id=\"f72e67f\" data-element_type=\"container\" data-e-type=\"container\" data-settings=\"{&quot;background_background&quot;:&quot;classic&quot;}\">\n\t\t\t\t\t<div class=\"e-con-inner\">\n\t\t\t\t<div class=\"elementor-element elementor-element-640ef5c elementor-widget__width-initial elementor-widget elementor-widget-heading\" data-id=\"640ef5c\" data-element_type=\"widget\" data-e-type=\"widget\" data-widget_type=\"heading.default\">\n\t\t\t\t\t<h1 class=\"elementor-heading-title elementor-size-default\">Filosof\u00eda aut\u00e9ntica del cuidado de la piel coreano<\/h1>\t\t\t\t<\/div>\n\t\t\t\t<div class=\"elementor-element elementor-element-6b5a340 elementor-widget__width-initial elementor-widget elementor-widget-text-editor\" data-id=\"6b5a340\" data-element_type=\"widget\" data-e-type=\"widget\" data-widget_type=\"text-editor.default\">\n\t\t\t\t\t\t\t\t\t<p>Creado por una experta coreana en cuidado de la piel afincada en Europa, combinando rutinas aut\u00e9nticas con un profundo conocimiento de las necesidades de la piel europea. <\/p>\t\t\t\t\t\t\t\t<\/div>\n\t\t\t\t\t<\/div>\n\t\t\t\t<\/div>\n\t\t\t\t<\/div>\n\t\t","protected":false},"excerpt":{"rendered":"<p>HEYOOM = Marca B2C coreana \u2014 Nacida del comercio Origen de la marca No construimos HEYOOM a partir de tendencias o presentaciones. La construimos a partir de la experiencia. F\u00e1bricas, puertos, mercados y la mano del usuario dieron forma a nuestra visi\u00f3n de los productos. Filosof\u00eda de la marca CRECEMOS DESPACIO, NO A LO ANCHO. [&hellip;]<\/p>\n","protected":false},"author":1,"featured_media":0,"parent":0,"menu_order":0,"comment_status":"closed","ping_status":"closed","template":"elementor_header_footer","meta":{"footnotes":""},"class_list":["post-987","page","type-page","status-publish","hentry"],"_links":{"self":[{"href":"https:\/\/pleonverse.com\/es\/wp-json\/wp\/v2\/pages\/987","targetHints":{"allow":["GET"]}}],"collection":[{"href":"https:\/\/pleonverse.com\/es\/wp-json\/wp\/v2\/pages"}],"about":[{"href":"https:\/\/pleonverse.com\/es\/wp-json\/wp\/v2\/types\/page"}],"author":[{"embeddable":true,"href":"https:\/\/pleonverse.com\/es\/wp-json\/wp\/v2\/users\/1"}],"replies":[{"embeddable":true,"href":"https:\/\/pleonverse.com\/es\/wp-json\/wp\/v2\/comments?post=987"}],"version-history":[{"count":49,"href":"https:\/\/pleonverse.com\/es\/wp-json\/wp\/v2\/pages\/987\/revisions"}],"predecessor-version":[{"id":1314,"href":"https:\/\/pleonverse.com\/es\/wp-json\/wp\/v2\/pages\/987\/revisions\/1314"}],"wp:attachment":[{"href":"https:\/\/pleonverse.com\/es\/wp-json\/wp\/v2\/media?parent=987"}],"curies":[{"name":"wp","href":"https:\/\/api.w.org\/{rel}","templated":true}]}}